{"id":26911,"date":"2018-12-07T12:51:06","date_gmt":"2018-12-07T12:51:06","guid":{"rendered":"https:\/\/www.lentils.org\/learning\/?page_id=26911"},"modified":"2024-10-31T15:38:05","modified_gmt":"2024-10-31T15:38:05","slug":"alle-kurse","status":"publish","type":"page","link":"https:\/\/www.lentils.org\/learning\/de\/","title":{"rendered":"Alle Kurse"},"content":{"rendered":"\t\t<div data-elementor-type=\"wp-post\" data-elementor-id=\"26911\" class=\"elementor elementor-26911 elementor-201\">\n\t\t\t\t\t\t<section class=\"elementor-section elementor-top-section elementor-element elementor-element-65ddfad3 elementor-section-boxed elementor-section-height-default elementor-section-height-default\" data-id=\"65ddfad3\" data-element_type=\"section\" data-e-type=\"section\" data-settings=\"{&quot;background_background&quot;:&quot;classic&quot;}\">\n\t\t\t\t\t\t<div class=\"elementor-container elementor-column-gap-default\">\n\t\t\t\t\t<div class=\"elementor-column elementor-col-100 elementor-top-column elementor-element elementor-element-c947ffe\" data-id=\"c947ffe\" data-element_type=\"column\" data-e-type=\"column\">\n\t\t\t<div class=\"elementor-widget-wrap elementor-element-populated\">\n\t\t\t\t\t\t<div class=\"elementor-element elementor-element-35eed52 elementor-widget elementor-widget-image-box\" data-id=\"35eed52\" data-element_type=\"widget\" data-e-type=\"widget\" data-widget_type=\"image-box.default\">\n\t\t\t\t<div class=\"elementor-widget-container\">\n\t\t\t\t\t<div class=\"elementor-image-box-wrapper\"><div class=\"elementor-image-box-content\"><h1 class=\"elementor-image-box-title\">Alle Kurse<\/h1><\/div><\/div>\t\t\t\t<\/div>\n\t\t\t\t<\/div>\n\t\t\t\t\t<\/div>\n\t\t<\/div>\n\t\t\t\t\t<\/div>\n\t\t<\/section>\n\t\t\t\t<section class=\"elementor-section elementor-top-section elementor-element elementor-element-422ee72c elementor-section-boxed elementor-section-height-default elementor-section-height-default\" data-id=\"422ee72c\" data-element_type=\"section\" data-e-type=\"section\" data-settings=\"{&quot;background_background&quot;:&quot;classic&quot;}\">\n\t\t\t\t\t\t<div class=\"elementor-container elementor-column-gap-default\">\n\t\t\t\t\t<div class=\"elementor-column elementor-col-100 elementor-top-column elementor-element elementor-element-46b1ba77\" data-id=\"46b1ba77\" data-element_type=\"column\" data-e-type=\"column\">\n\t\t\t<div class=\"elementor-widget-wrap elementor-element-populated\">\n\t\t\t\t\t\t<div class=\"elementor-element elementor-element-029aeac elementor-widget elementor-widget-shortcode\" data-id=\"029aeac\" data-element_type=\"widget\" data-e-type=\"widget\" data-widget_type=\"shortcode.default\">\n\t\t\t\t<div class=\"elementor-widget-container\">\n\t\t\t\t\t\t\t<div class=\"elementor-shortcode\"><div id=\"ld-course-list-content-2064e2db5bf8930c45be50235365e12c\" class=\"ld-course-list-content\" data-shortcode-atts=\"{&quot;categoryselector&quot;:&quot;true&quot;,&quot;progress_bar&quot;:&quot;true&quot;,&quot;order&quot;:&quot;asc&quot;,&quot;col&quot;:&quot;3&quot;}\">\n\t\t\t<div class=\"ld-course-list-items row\">\n\t<!-- LearnDash Course Grid v1 --><div class=\"ld_course_grid col-sm-8 col-md-4 \">\n\t<article id=\"post-26998\" class=\" thumbnail course post-26998 sfwd-courses type-sfwd-courses status-publish has-post-thumbnail hentry\">\n\t\t\t\t\t\t\t\t<div class=\"ribbon\">\n\t\t\t\tKostenlos\t\t\t<\/div>\n\t\t\t\n\t\t\t\t\t\t<a\n\t\t\t\taria-hidden=\"true\"\n\t\t\t\thref=\"https:\/\/www.lentils.org\/learning\/de\/courses\/linsen-in-der-anwendung-fur-foodservice-koche\/\"\n\t\t\t\ttabindex=\"-1\"\n\t\t\t>\n\t\t\t\t<img fetchpriority=\"high\" decoding=\"async\" width=\"300\" height=\"200\" src=\"https:\/\/www.lentils.org\/learning\/wp-content\/uploads\/2021\/11\/1Sask-Pulse-Growers-Lentil-Curried-Cauliflower-Tacos-7649-300x200.jpg\" class=\"attachment-medium size-medium wp-post-image\" alt=\"Linsen in der Anwendung: F\u00fcr Foodservice-K\u00f6che\" srcset=\"https:\/\/www.lentils.org\/learning\/wp-content\/uploads\/2021\/11\/1Sask-Pulse-Growers-Lentil-Curried-Cauliflower-Tacos-7649-300x200.jpg 300w, https:\/\/www.lentils.org\/learning\/wp-content\/uploads\/2021\/11\/1Sask-Pulse-Growers-Lentil-Curried-Cauliflower-Tacos-7649-1024x682.jpg 1024w, https:\/\/www.lentils.org\/learning\/wp-content\/uploads\/2021\/11\/1Sask-Pulse-Growers-Lentil-Curried-Cauliflower-Tacos-7649-768x512.jpg 768w, https:\/\/www.lentils.org\/learning\/wp-content\/uploads\/2021\/11\/1Sask-Pulse-Growers-Lentil-Curried-Cauliflower-Tacos-7649-1536x1024.jpg 1536w, https:\/\/www.lentils.org\/learning\/wp-content\/uploads\/2021\/11\/1Sask-Pulse-Growers-Lentil-Curried-Cauliflower-Tacos-7649-400x267.jpg 400w, https:\/\/www.lentils.org\/learning\/wp-content\/uploads\/2021\/11\/1Sask-Pulse-Growers-Lentil-Curried-Cauliflower-Tacos-7649.jpg 2000w\" sizes=\"(max-width: 300px) 100vw, 300px\" \/>\t\t\t<\/a>\n\t\t\t\t\t\n\t\t\t\t\t<div class=\"caption\">\n\t\t\t\t<h3 class=\"entry-title\">Linsen in der Anwendung: F\u00fcr Foodservice-K\u00f6che<\/h3>\n\t\t\t\t\t\t\t\t<div class=\"entry-content\"><p>Lentils.org Learning Hub ist ein kostenloser Online-Kurs zum Selbststudium, der von und f\u00fcr K\u00f6che in der Gemeinschaftsverpflegung entwickelt wurde, um mehr \u00fcber Linsen zu erfahren, z. B. wie man sie zubereitet, warum sie gesund und nachhaltig sind und wie man sie auf der Speisekarte mit Hilfe von praktischen \u00dcbungen und kulinarischen Demonstrationen einsetzen kann.<\/p>\n<\/div>\n\t\t\t\t\t\t\t\t<div class=\"ld_course_grid_button\">\n\t\t\t\t\t<a\n\t\t\t\t\t\taria-label=\"Enroll Now: Linsen in der Anwendung: F\u00fcr Foodservice-K\u00f6che\"\n\t\t\t\t\t\tclass=\"btn btn-primary\"\n\t\t\t\t\t\thref=\"https:\/\/www.lentils.org\/learning\/de\/courses\/linsen-in-der-anwendung-fur-foodservice-koche\/\"\n\t\t\t\t\t>\n\t\t\t\t\t\tEnroll Now\t\t\t\t\t<\/a>\n\t\t\t\t<\/div>\n\t\t\t\t\t\t\t\t\t\t\t\t\t\t\t\t\t\t\t\t\t\t\t\t\t\t\t<\/div><!-- .entry-header -->\n\t\t\t<\/article><!-- #post-## -->\n<\/div><!-- .ld_course_grid -->\n\t<\/div>\n\t\t\t<\/div>\n\t\t<\/div>\n\t\t\t\t\t\t<\/div>\n\t\t\t\t<\/div>\n\t\t\t\t\t<\/div>\n\t\t<\/div>\n\t\t\t\t\t<\/div>\n\t\t<\/section>\n\t\t\t\t<section class=\"elementor-section elementor-top-section elementor-element elementor-element-cd949a4 elementor-section-boxed elementor-section-height-default elementor-section-height-default\" data-id=\"cd949a4\" data-element_type=\"section\" data-e-type=\"section\">\n\t\t\t\t\t\t<div class=\"elementor-container elementor-column-gap-default\">\n\t\t\t\t\t<div class=\"elementor-column elementor-col-100 elementor-top-column elementor-element elementor-element-0300179\" data-id=\"0300179\" data-element_type=\"column\" data-e-type=\"column\">\n\t\t\t<div class=\"elementor-widget-wrap\">\n\t\t\t\t\t\t\t<\/div>\n\t\t<\/div>\n\t\t\t\t\t<\/div>\n\t\t<\/section>\n\t\t\t\t<\/div>\n\t\t","protected":false},"excerpt":{"rendered":"<p>Alle Kurse<\/p>\n","protected":false},"author":1,"featured_media":0,"parent":0,"menu_order":0,"comment_status":"closed","ping_status":"closed","template":"","meta":{"site-sidebar-layout":"no-sidebar","site-content-layout":"page-builder","ast-site-content-layout":"default","site-content-style":"default","site-sidebar-style":"default","ast-global-header-display":"","ast-banner-title-visibility":"","ast-main-header-display":"","ast-hfb-above-header-display":"","ast-hfb-below-header-display":"","ast-hfb-mobile-header-display":"","site-post-title":"disabled","ast-breadcrumbs-content":"","ast-featured-img":"","footer-sml-layout":"","theme-transparent-header-meta":"","adv-header-id-meta":"","stick-header-meta":"","header-above-stick-meta":"","header-main-stick-meta":"","header-below-stick-meta":"","astra-migrate-meta-layouts":"set","footnotes":""},"class_list":["post-26911","page","type-page","status-publish","hentry"],"_links":{"self":[{"href":"https:\/\/www.lentils.org\/learning\/de\/wp-json\/wp\/v2\/pages\/26911","targetHints":{"allow":["GET"]}}],"collection":[{"href":"https:\/\/www.lentils.org\/learning\/de\/wp-json\/wp\/v2\/pages"}],"about":[{"href":"https:\/\/www.lentils.org\/learning\/de\/wp-json\/wp\/v2\/types\/page"}],"author":[{"embeddable":true,"href":"https:\/\/www.lentils.org\/learning\/de\/wp-json\/wp\/v2\/users\/1"}],"replies":[{"embeddable":true,"href":"https:\/\/www.lentils.org\/learning\/de\/wp-json\/wp\/v2\/comments?post=26911"}],"version-history":[{"count":21,"href":"https:\/\/www.lentils.org\/learning\/de\/wp-json\/wp\/v2\/pages\/26911\/revisions"}],"predecessor-version":[{"id":26959,"href":"https:\/\/www.lentils.org\/learning\/de\/wp-json\/wp\/v2\/pages\/26911\/revisions\/26959"}],"wp:attachment":[{"href":"https:\/\/www.lentils.org\/learning\/de\/wp-json\/wp\/v2\/media?parent=26911"}],"curies":[{"name":"wp","href":"https:\/\/api.w.org\/{rel}","templated":true}]}}